{"id":27,"date":"2014-11-08T11:21:38","date_gmt":"2014-11-08T10:21:38","guid":{"rendered":"http:\/\/denrappen.nl\/?page_id=27"},"modified":"2023-01-26T17:02:28","modified_gmt":"2023-01-26T16:02:28","slug":"test","status":"publish","type":"page","link":"https:\/\/denrappen.nl\/?page_id=27","title":{"rendered":"Wie zijn wij"},"content":{"rendered":"<p><a href=\"http:\/\/denrappen.nl\/wp-content\/uploads\/2014\/11\/IMG_2664.jpg\"><img loading=\"lazy\" decoding=\"async\" class=\"size-medium wp-image-247 aligncenter\" src=\"http:\/\/denrappen.nl\/wp-content\/uploads\/2014\/11\/IMG_2664-300x241.jpg\" alt=\"\" width=\"300\" height=\"241\" srcset=\"https:\/\/denrappen.nl\/wp-content\/uploads\/2014\/11\/IMG_2664-300x241.jpg 300w, https:\/\/denrappen.nl\/wp-content\/uploads\/2014\/11\/IMG_2664-186x150.jpg 186w, https:\/\/denrappen.nl\/wp-content\/uploads\/2014\/11\/IMG_2664-150x120.jpg 150w, https:\/\/denrappen.nl\/wp-content\/uploads\/2014\/11\/IMG_2664.jpg 954w\" sizes=\"auto, (max-width: 300px) 100vw, 300px\" \/><\/a><\/p>\n<p>Wie zijn wij<\/p>\n<p>Wij zijn Ton &amp; Karin den Rappen. Na jaren lang wintersport in Oostenrijk, besloten wij ook de zomer te gaan ontdekken in Oostenrijk en met onze drie dochters. Het plan was om na \u00e9\u00e9n week verder naar Itali\u00eb te reizen. Dit laatste mislukte want Fieberbrunn veroverde wederom ons hart. Fieberbrunn is alle seizoenen van het jaar prachtig en in de omgeving is genoeg te zien en beleven. We besloten om een eigen plekje te zoeken, op loopafstand van de piste en dichtbij het centrum van Fieberbrunn. In 2003 hebben we dit appartement gekocht en met eigen handen gerenoveerd naar onze wensen. Vanaf dat moment is het grote genieten van een eigen plek in Tirol begonnen. Sinds 2015 zijn wij gestart met het verhuren&nbsp; en daardoor genieten nu ook vele anderen van deze mooie plek.<\/p>","protected":false},"excerpt":{"rendered":"<p>Wie zijn wij Wij zijn Ton &amp; Karin den Rappen. Na jaren lang wintersport in Oostenrijk, besloten wij ook de zomer te gaan ontdekken in Oostenrijk en met onze drie dochters. Het plan was om na \u00e9\u00e9n week verder naar Itali\u00eb te reizen. Dit laatste mislukte want Fieberbrunn veroverde wederom\u2026 <a class=\"continue-reading-link\" href=\"https:\/\/denrappen.nl\/?page_id=27\">Continue reading<\/a><\/p>\n","protected":false},"author":4,"featured_media":0,"parent":0,"menu_order":0,"comment_status":"closed","ping_status":"closed","template":"","meta":{"footnotes":"","_links_to":"","_links_to_target":""},"class_list":["post-27","page","type-page","status-publish","hentry"],"_links":{"self":[{"href":"https:\/\/denrappen.nl\/index.php?rest_route=\/wp\/v2\/pages\/27","targetHints":{"allow":["GET"]}}],"collection":[{"href":"https:\/\/denrappen.nl\/index.php?rest_route=\/wp\/v2\/pages"}],"about":[{"href":"https:\/\/denrappen.nl\/index.php?rest_route=\/wp\/v2\/types\/page"}],"author":[{"embeddable":true,"href":"https:\/\/denrappen.nl\/index.php?rest_route=\/wp\/v2\/users\/4"}],"replies":[{"embeddable":true,"href":"https:\/\/denrappen.nl\/index.php?rest_route=%2Fwp%2Fv2%2Fcomments&post=27"}],"version-history":[{"count":62,"href":"https:\/\/denrappen.nl\/index.php?rest_route=\/wp\/v2\/pages\/27\/revisions"}],"predecessor-version":[{"id":1169,"href":"https:\/\/denrappen.nl\/index.php?rest_route=\/wp\/v2\/pages\/27\/revisions\/1169"}],"wp:attachment":[{"href":"https:\/\/denrappen.nl\/index.php?rest_route=%2Fwp%2Fv2%2Fmedia&parent=27"}],"curies":[{"name":"wp","href":"https:\/\/api.w.org\/{rel}","templated":true}]}}